{"id":118,"date":"2025-09-22T14:02:36","date_gmt":"2025-09-22T14:02:36","guid":{"rendered":"https:\/\/www.megeteknik.com.tr\/?page_id=118"},"modified":"2025-09-24T10:01:36","modified_gmt":"2025-09-24T10:01:36","slug":"anasayfa","status":"publish","type":"page","link":"http:\/\/www.megeteknik.com.tr\/","title":{"rendered":"Anasayfa"},"content":{"rendered":"\t\t<div data-elementor-type=\"wp-page\" data-elementor-id=\"118\" class=\"elementor elementor-118\">\n\t\t\t\t<div class=\"elementor-element elementor-element-fbdcff2 e-flex e-con-boxed e-con e-parent\" data-id=\"fbdcff2\" data-element_type=\"container\" data-e-type=\"container\">\n\t\t\t\t\t<div class=\"e-con-inner\">\n\t\t\t\t<div class=\"elementor-element elementor-element-40dedde elementor-widget__width-initial elementor-widget elementor-widget-image-carousel\" data-id=\"40dedde\" data-element_type=\"widget\" data-e-type=\"widget\" data-settings=\"{&quot;slides_to_show&quot;:&quot;1&quot;,&quot;navigation&quot;:&quot;none&quot;,&quot;autoplay&quot;:&quot;yes&quot;,&quot;pause_on_interaction&quot;:&quot;yes&quot;,&quot;autoplay_speed&quot;:5000,&quot;infinite&quot;:&quot;yes&quot;,&quot;effect&quot;:&quot;slide&quot;,&quot;speed&quot;:500}\" data-widget_type=\"image-carousel.default\">\n\t\t\t\t\t\t\t<div class=\"elementor-image-carousel-wrapper swiper\" role=\"region\" aria-roledescription=\"carousel\" aria-label=\"Resim D\u00f6ng\u00fcs\u00fc\" dir=\"ltr\">\n\t\t\t<div class=\"elementor-image-carousel swiper-wrapper\" aria-live=\"off\">\n\t\t\t\t\t\t\t\t<div class=\"swiper-slide\" role=\"group\" aria-roledescription=\"slide\" aria-label=\"1 \/ 6\"><figure class=\"swiper-slide-inner\"><img decoding=\"async\" class=\"swiper-slide-image\" src=\"https:\/\/www.megeteknik.com.tr\/wp-content\/uploads\/2025\/09\/Merck-Logo-300x169.png\" alt=\"Merck-Logo\" \/><\/figure><\/div><div class=\"swiper-slide\" role=\"group\" aria-roledescription=\"slide\" aria-label=\"2 \/ 6\"><figure class=\"swiper-slide-inner\"><img decoding=\"async\" class=\"swiper-slide-image\" src=\"https:\/\/www.megeteknik.com.tr\/wp-content\/uploads\/2025\/09\/isolab-300x121.webp\" alt=\"isolab\" \/><\/figure><\/div><div class=\"swiper-slide\" role=\"group\" aria-roledescription=\"slide\" aria-label=\"3 \/ 6\"><figure class=\"swiper-slide-inner\"><img decoding=\"async\" class=\"swiper-slide-image\" src=\"https:\/\/www.megeteknik.com.tr\/wp-content\/uploads\/2025\/09\/TFA-300x115.png\" alt=\"TFA\" \/><\/figure><\/div><div class=\"swiper-slide\" role=\"group\" aria-roledescription=\"slide\" aria-label=\"4 \/ 6\"><figure class=\"swiper-slide-inner\"><img decoding=\"async\" class=\"swiper-slide-image\" src=\"https:\/\/www.megeteknik.com.tr\/wp-content\/uploads\/2025\/09\/kartell-logo-300x139.jpg\" alt=\"kartell-logo\" \/><\/figure><\/div><div class=\"swiper-slide\" role=\"group\" aria-roledescription=\"slide\" aria-label=\"5 \/ 6\"><figure class=\"swiper-slide-inner\"><img decoding=\"async\" class=\"swiper-slide-image\" src=\"https:\/\/www.megeteknik.com.tr\/wp-content\/uploads\/2025\/09\/sigma-300x104.png\" alt=\"sigma\" \/><\/figure><\/div><div class=\"swiper-slide\" role=\"group\" aria-roledescription=\"slide\" aria-label=\"6 \/ 6\"><figure class=\"swiper-slide-inner\"><img decoding=\"async\" class=\"swiper-slide-image\" src=\"https:\/\/www.megeteknik.com.tr\/wp-content\/uploads\/2025\/09\/carlo-erba.png\" alt=\"carlo-erba\" \/><\/figure><\/div>\t\t\t<\/div>\n\t\t\t\t\t\t\t\n\t\t\t\t\t\t\t\t\t<\/div>\n\t\t\t\t\t\t<\/div>\n\t\t\t\t\t<\/div>\n\t\t\t\t<\/div>\n\t\t<div class=\"elementor-element elementor-element-990a759 e-flex e-con-boxed e-con e-parent\" data-id=\"990a759\" data-element_type=\"container\" data-e-type=\"container\">\n\t\t\t\t\t<div class=\"e-con-inner\">\n\t\t\t\t<div class=\"elementor-element elementor-element-7db97d5 elementor-widget elementor-widget-text-editor\" data-id=\"7db97d5\" data-element_type=\"widget\" data-e-type=\"widget\" data-widget_type=\"text-editor.default\">\n\t\t\t\t\t\t\t\t\t<p data-start=\"542\" data-end=\"968\">Kuruldu\u011fu g\u00fcnden bu yana kalite, g\u00fcven ve m\u00fc\u015fteri memnuniyetini temel de\u011ferleri olarak benimseyen <strong data-start=\"640\" data-end=\"655\">MEGE TEKN\u0130K<\/strong>, laboratuvar ve end\u00fcstriyel \u00fcr\u00fcnler alan\u0131nda uzmanla\u015fm\u0131\u015f bir firmad\u0131r.<br data-start=\"726\" data-end=\"729\" \/>Ge\u00e7mi\u015ften gelen tecr\u00fcbemizi, yenilik\u00e7i bak\u0131\u015f a\u00e7\u0131m\u0131z ve giri\u015fimci ruhumuzla birle\u015ftirerek; \u00fcniversitelerden sa\u011fl\u0131k kurulu\u015flar\u0131na, ara\u015ft\u0131rma laboratuvarlar\u0131ndan end\u00fcstriyel \u00fcretim tesislerine kadar geni\u015f bir yelpazede \u00e7\u00f6z\u00fcmler sunmaktay\u0131z.<\/p><p data-start=\"970\" data-end=\"1188\">M\u00fc\u015fterilerimizin ihtiya\u00e7lar\u0131n\u0131 do\u011fru analiz ederek, en g\u00fcncel ve g\u00fcvenilir \u00fcr\u00fcnleri ula\u015ft\u0131rmay\u0131 misyon edindik.<br data-start=\"1081\" data-end=\"1084\" \/>Vizyonumuz, s\u00fcrekli geli\u015fen teknolojiye uyum sa\u011flayarak sekt\u00f6rde \u00f6nc\u00fc ve g\u00fcvenilir bir marka olmakt\u0131r.<\/p>\t\t\t\t\t\t\t\t<\/div>\n\t\t\t\t\t<\/div>\n\t\t\t\t<\/div>\n\t\t<div class=\"elementor-element elementor-element-62d1406 e-flex e-con-boxed e-con e-parent\" data-id=\"62d1406\" data-element_type=\"container\" data-e-type=\"container\">\n\t\t\t\t\t<div class=\"e-con-inner\">\n\t\t\t\t<div class=\"elementor-element elementor-element-4ae7012 elementor-widget elementor-widget-image-carousel\" data-id=\"4ae7012\" data-element_type=\"widget\" data-e-type=\"widget\" data-settings=\"{&quot;slides_to_show&quot;:&quot;10&quot;,&quot;slides_to_scroll&quot;:&quot;1&quot;,&quot;navigation&quot;:&quot;none&quot;,&quot;speed&quot;:500}\" data-widget_type=\"image-carousel.default\">\n\t\t\t\t\t\t\t<div class=\"elementor-image-carousel-wrapper swiper\" role=\"region\" aria-roledescription=\"carousel\" aria-label=\"Resim D\u00f6ng\u00fcs\u00fc\" dir=\"ltr\">\n\t\t\t<div class=\"elementor-image-carousel swiper-wrapper\" aria-live=\"polite\">\n\t\t\t\t\t\t\t\t<div class=\"swiper-slide\" role=\"group\" aria-roledescription=\"slide\" aria-label=\"1 \/ 10\"><figure class=\"swiper-slide-inner\"><img decoding=\"async\" class=\"swiper-slide-image\" src=\"https:\/\/www.megeteknik.com.tr\/wp-content\/uploads\/2025\/09\/isolab-1-300x200.jpg\" alt=\"isolab\" \/><\/figure><\/div><div class=\"swiper-slide\" role=\"group\" aria-roledescription=\"slide\" aria-label=\"2 \/ 10\"><figure class=\"swiper-slide-inner\"><img decoding=\"async\" class=\"swiper-slide-image\" src=\"https:\/\/www.megeteknik.com.tr\/wp-content\/uploads\/2025\/09\/merck-logo-1-300x200.png\" alt=\"merck-logo\" \/><\/figure><\/div><div class=\"swiper-slide\" role=\"group\" aria-roledescription=\"slide\" aria-label=\"3 \/ 10\"><figure class=\"swiper-slide-inner\"><img decoding=\"async\" class=\"swiper-slide-image\" src=\"https:\/\/www.megeteknik.com.tr\/wp-content\/uploads\/2025\/09\/sigma-ald-logo-300x200.png\" alt=\"sigma-ald-logo\" \/><\/figure><\/div><div class=\"swiper-slide\" role=\"group\" aria-roledescription=\"slide\" aria-label=\"4 \/ 10\"><figure class=\"swiper-slide-inner\"><img decoding=\"async\" class=\"swiper-slide-image\" src=\"https:\/\/www.megeteknik.com.tr\/wp-content\/uploads\/2025\/09\/4.png\" alt=\"4\" \/><\/figure><\/div><div class=\"swiper-slide\" role=\"group\" aria-roledescription=\"slide\" aria-label=\"5 \/ 10\"><figure class=\"swiper-slide-inner\"><img decoding=\"async\" class=\"swiper-slide-image\" src=\"https:\/\/www.megeteknik.com.tr\/wp-content\/uploads\/2025\/09\/2.png\" alt=\"2\" \/><\/figure><\/div><div class=\"swiper-slide\" role=\"group\" aria-roledescription=\"slide\" aria-label=\"6 \/ 10\"><figure class=\"swiper-slide-inner\"><img decoding=\"async\" class=\"swiper-slide-image\" src=\"https:\/\/www.megeteknik.com.tr\/wp-content\/uploads\/2025\/09\/6.png\" alt=\"6\" \/><\/figure><\/div><div class=\"swiper-slide\" role=\"group\" aria-roledescription=\"slide\" aria-label=\"7 \/ 10\"><figure class=\"swiper-slide-inner\"><img decoding=\"async\" class=\"swiper-slide-image\" src=\"https:\/\/www.megeteknik.com.tr\/wp-content\/uploads\/2025\/09\/tekkim-300x200.png\" alt=\"tekkim\" \/><\/figure><\/div><div class=\"swiper-slide\" role=\"group\" aria-roledescription=\"slide\" aria-label=\"8 \/ 10\"><figure class=\"swiper-slide-inner\"><img decoding=\"async\" class=\"swiper-slide-image\" src=\"https:\/\/www.megeteknik.com.tr\/wp-content\/uploads\/2025\/09\/11.png\" alt=\"11\" \/><\/figure><\/div><div class=\"swiper-slide\" role=\"group\" aria-roledescription=\"slide\" aria-label=\"9 \/ 10\"><figure class=\"swiper-slide-inner\"><img decoding=\"async\" class=\"swiper-slide-image\" src=\"https:\/\/www.megeteknik.com.tr\/wp-content\/uploads\/2025\/09\/13.png\" alt=\"13\" \/><\/figure><\/div><div class=\"swiper-slide\" role=\"group\" aria-roledescription=\"slide\" aria-label=\"10 \/ 10\"><figure class=\"swiper-slide-inner\"><img decoding=\"async\" class=\"swiper-slide-image\" src=\"https:\/\/www.megeteknik.com.tr\/wp-content\/uploads\/2025\/09\/kartell-logo-300x139.jpg\" alt=\"kartell-logo\" \/><\/figure><\/div>\t\t\t<\/div>\n\t\t\t\t\t\t\t\n\t\t\t\t\t\t\t\t\t<\/div>\n\t\t\t\t\t\t<\/div>\n\t\t\t\t\t<\/div>\n\t\t\t\t<\/div>\n\t\t\t\t<\/div>\n\t\t","protected":false},"excerpt":{"rendered":"<p>Kuruldu\u011fu g\u00fcnden bu yana kalite, g\u00fcven ve m\u00fc\u015fteri memnuniyetini temel de\u011ferleri olarak benimseyen MEGE TEKN\u0130K, laboratuvar ve end\u00fcstriyel \u00fcr\u00fcnler alan\u0131nda uzmanla\u015fm\u0131\u015f bir firmad\u0131r.Ge\u00e7mi\u015ften gelen tecr\u00fcbemizi, yenilik\u00e7i bak\u0131\u015f a\u00e7\u0131m\u0131z ve giri\u015fimci ruhumuzla birle\u015ftirerek; \u00fcniversitelerden sa\u011fl\u0131k kurulu\u015flar\u0131na, ara\u015ft\u0131rma laboratuvarlar\u0131ndan end\u00fcstriyel \u00fcretim tesislerine kadar geni\u015f bir yelpazede \u00e7\u00f6z\u00fcmler sunmaktay\u0131z. M\u00fc\u015fterilerimizin ihtiya\u00e7lar\u0131n\u0131 do\u011fru analiz ederek, en g\u00fcncel ve g\u00fcvenilir&#8230;<\/p>\n","protected":false},"author":1,"featured_media":0,"parent":0,"menu_order":0,"comment_status":"closed","ping_status":"closed","template":"","meta":{"_kadence_starter_templates_imported_post":false,"_kad_post_transparent":"","_kad_post_title":"hide","_kad_post_layout":"fullwidth","_kad_post_sidebar_id":"","_kad_post_content_style":"unboxed","_kad_post_vertical_padding":"hide","_kad_post_feature":"hide","_kad_post_feature_position":"","_kad_post_header":false,"_kad_post_footer":false,"_kad_post_classname":"","footnotes":""},"class_list":["post-118","page","type-page","status-publish","hentry"],"_links":{"self":[{"href":"http:\/\/www.megeteknik.com.tr\/index.php\/wp-json\/wp\/v2\/pages\/118","targetHints":{"allow":["GET"]}}],"collection":[{"href":"http:\/\/www.megeteknik.com.tr\/index.php\/wp-json\/wp\/v2\/pages"}],"about":[{"href":"http:\/\/www.megeteknik.com.tr\/index.php\/wp-json\/wp\/v2\/types\/page"}],"author":[{"embeddable":true,"href":"http:\/\/www.megeteknik.com.tr\/index.php\/wp-json\/wp\/v2\/users\/1"}],"replies":[{"embeddable":true,"href":"http:\/\/www.megeteknik.com.tr\/index.php\/wp-json\/wp\/v2\/comments?post=118"}],"version-history":[{"count":37,"href":"http:\/\/www.megeteknik.com.tr\/index.php\/wp-json\/wp\/v2\/pages\/118\/revisions"}],"predecessor-version":[{"id":234,"href":"http:\/\/www.megeteknik.com.tr\/index.php\/wp-json\/wp\/v2\/pages\/118\/revisions\/234"}],"wp:attachment":[{"href":"http:\/\/www.megeteknik.com.tr\/index.php\/wp-json\/wp\/v2\/media?parent=118"}],"curies":[{"name":"wp","href":"https:\/\/api.w.org\/{rel}","templated":true}]}}