{"id":34,"date":"2025-09-20T20:06:22","date_gmt":"2025-09-20T20:06:22","guid":{"rendered":"https:\/\/www.megeteknik.com.tr\/?page_id=34"},"modified":"2026-02-17T14:32:29","modified_gmt":"2026-02-17T14:32:29","slug":"iletisim","status":"publish","type":"page","link":"http:\/\/www.megeteknik.com.tr\/index.php\/iletisim\/","title":{"rendered":"\u0130LET\u0130\u015e\u0130M"},"content":{"rendered":"\t\t<div data-elementor-type=\"wp-page\" data-elementor-id=\"34\" class=\"elementor elementor-34\">\n\t\t\t\t<div class=\"elementor-element elementor-element-0c21e1a e-flex e-con-boxed e-con e-parent\" data-id=\"0c21e1a\" data-element_type=\"container\" data-e-type=\"container\">\n\t\t\t\t\t<div class=\"e-con-inner\">\n\t\t\t\t<div class=\"elementor-element elementor-element-5d0c6ca elementor-widget elementor-widget-html\" data-id=\"5d0c6ca\" data-element_type=\"widget\" data-e-type=\"widget\" data-widget_type=\"html.default\">\n\t\t\t\t\t<style>\r\n:root{\r\n  --b: rgba(15,23,42,.10);\r\n  --b2: rgba(15,23,42,.07);\r\n  --t: #0f172a;\r\n  --m: #64748b;\r\n  --link: #0b6aa2;\r\n  --bg: #fff;\r\n  --soft:#fafcff;\r\n}\r\n\r\n.ct-wrap{\r\n  max-width:1100px;\r\n  margin:0 auto;\r\n  font-family:Arial,Helvetica,sans-serif;\r\n  color:var(--t)\r\n}\r\n\r\n\/* \u00dcST KUTULAR *\/\r\n.ct-top{\r\n  display:grid;\r\n  grid-template-columns:repeat(3,1fr);\r\n  gap:16px;\r\n  margin-bottom:16px\r\n}\r\n@media(max-width:900px){\r\n  .ct-top{grid-template-columns:1fr}\r\n}\r\n\r\n\/* GENEL KART *\/\r\n.ct-card{\r\n  background:var(--bg);\r\n  border:1px solid var(--b2);\r\n  border-radius:14px;\r\n  box-shadow:0 10px 26px rgba(15,23,42,.08);\r\n  padding:22px 18px;\r\n  text-align:center;\r\n}\r\n\r\n.ct-ico{\r\n  width:46px;height:46px;\r\n  margin:0 auto 10px;\r\n  border-radius:12px;\r\n  border:1px solid var(--b2);\r\n  display:flex;\r\n  align-items:center;\r\n  justify-content:center;\r\n  font-size:22px;\r\n  background:var(--soft);\r\n}\r\n\r\n.ct-title{\r\n  font-weight:800;\r\n  font-size:16px;\r\n  margin-bottom:10px\r\n}\r\n\r\n.ct-text{\r\n  color:var(--m);\r\n  font-size:13.5px;\r\n  line-height:1.6\r\n}\r\n\r\n.ct-link{\r\n  color:var(--link);\r\n  font-weight:800;\r\n  text-decoration:none\r\n}\r\n.ct-link:hover{text-decoration:underline}\r\n\r\n\/* ALT B\u00d6L\u00dcM *\/\r\n.ct-bottom{\r\n  display:grid;\r\n  grid-template-columns:1.15fr .85fr;\r\n  gap:16px\r\n}\r\n@media(max-width:900px){\r\n  .ct-bottom{grid-template-columns:1fr}\r\n}\r\n\r\n\/* HAR\u0130TA *\/\r\n.ct-map{\r\n  background:var(--bg);\r\n  border:1px solid var(--b2);\r\n  border-radius:14px;\r\n  box-shadow:0 10px 26px rgba(15,23,42,.08);\r\n  overflow:hidden;\r\n}\r\n.ct-map iframe{\r\n  width:100%;\r\n  height:420px;\r\n  border:0\r\n}\r\n@media(max-width:900px){\r\n  .ct-map iframe{height:320px}\r\n}\r\n\r\n\/* FORM *\/\r\n.ct-form{\r\n  background:var(--bg);\r\n  border:1px solid var(--b2);\r\n  border-radius:14px;\r\n  box-shadow:0 10px 26px rgba(15,23,42,.08);\r\n  padding:18px;\r\n}\r\n\r\n.ct-form h3{\r\n  margin-bottom:10px;\r\n  font-size:16px\r\n}\r\n\r\n.ct-note{\r\n  color:var(--m);\r\n  font-size:13.5px;\r\n  margin-bottom:14px\r\n}\r\n\r\n\/* Form input d\u00fczenleme *\/\r\n.ct-form input,\r\n.ct-form textarea{\r\n  width:100%;\r\n  border:1px solid var(--b);\r\n  border-radius:10px;\r\n  padding:12px;\r\n  font-size:14px;\r\n}\r\n.ct-form input:focus,\r\n.ct-form textarea:focus{\r\n  border-color:#0b6aa2;\r\n  outline:none\r\n}\r\n\r\n\/* TELEFON H\u0130ZALAMA *\/\r\n.ct-phoneRow{\r\n  display:flex;\r\n  align-items:center;\r\n  justify-content:space-between;\r\n  gap:10px;\r\n  padding:4px 0;\r\n}\r\n.ct-phoneLeft{\r\n  display:flex;\r\n  align-items:center;\r\n  gap:6px;\r\n  font-size:13px;\r\n  font-weight:800;\r\n  color:var(--m);\r\n  white-space:nowrap;\r\n}\r\n.ct-phoneNum{\r\n  font-weight:900;\r\n  color:var(--link);\r\n  white-space:nowrap;\r\n  font-size:13.5px;\r\n  text-decoration:none;\r\n}\r\n.ct-miniTitle{\r\n  display:flex;\r\n  align-items:center;\r\n  gap:6px;\r\n  font-weight:900;\r\n  font-size:13px;\r\n  margin-bottom:6px;\r\n  color:var(--t);\r\n}\r\n<\/style>\r\n\r\n<div class=\"ct-wrap\">\r\n\r\n<!-- \u00dcST 3 KUTU -->\r\n<div class=\"ct-top\">\r\n\r\n<!-- TELEFON -->\r\n<div class=\"ct-card\">\r\n\r\n  <div class=\"ct-ico\">\ud83d\udcde<\/div>\r\n  <div class=\"ct-title\">Telefon<\/div>\r\n\r\n  <div style=\"display:grid;grid-template-columns:1fr 1fr;gap:12px;margin-top:6px\">\r\n\r\n    <!-- TUZLA -->\r\n    <div style=\"border:1px solid var(--b2);border-radius:12px;padding:12px;background:var(--soft);text-align:left\">\r\n\r\n      <div class=\"ct-miniTitle\">\ud83d\udccd TUZLA<\/div>\r\n\r\n      <div class=\"ct-phoneRow\">\r\n        <div class=\"ct-phoneLeft\">\ud83d\udcde TEL:<\/div>\r\n        <a class=\"ct-phoneNum\" href=\"tel:+902163041772\">0216 304 17 72<\/a>\r\n      <\/div>\r\n\r\n      <div class=\"ct-phoneRow\">\r\n        <div class=\"ct-phoneLeft\">\ud83d\udcf1 GSM:<\/div>\r\n        <a class=\"ct-phoneNum\" href=\"tel:+905322442557\">0532 244 25 57<\/a>\r\n      <\/div>\r\n\r\n    <\/div>\r\n\r\n    <!-- MERKEZ -->\r\n    <div style=\"border:1px solid var(--b2);border-radius:12px;padding:12px;background:var(--soft);text-align:left\">\r\n\r\n      <div class=\"ct-miniTitle\">\ud83c\udfe2 MERKEZ<\/div>\r\n\r\n      <div class=\"ct-phoneRow\">\r\n        <div class=\"ct-phoneLeft\">\ud83d\udcde TEL:<\/div>\r\n        <a class=\"ct-phoneNum\" href=\"tel:+902122526024\">0212 252 60 24<\/a>\r\n      <\/div>\r\n\r\n      <div class=\"ct-phoneRow\">\r\n        <div class=\"ct-phoneLeft\">\ud83d\udcf1 GSM:<\/div>\r\n        <a class=\"ct-phoneNum\" href=\"tel:+905337040407\">0533 704 04 07<\/a>\r\n      <\/div>\r\n\r\n    <\/div>\r\n\r\n  <\/div>\r\n\r\n<\/div>\r\n\r\n<!-- ADRES -->\r\n<div class=\"ct-card\">\r\n\r\n  <div class=\"ct-ico\">\ud83d\udccd<\/div>\r\n  <div class=\"ct-title\">Adres<\/div>\r\n\r\n  <div class=\"ct-text\">\r\n\r\n    <strong>Tuzla \u015eube<\/strong><br>\r\n    Tepe\u00f6ren Mah. Demokrasi Cad.<br>\r\n    No:135 5K Plaza Tuzla \/ \u0130stanbul\r\n\r\n    <br><br>\r\n\r\n    <strong>Merkez<\/strong><br>\r\n    KEMANKE\u015e KARAMUSTAFAPA\u015eA MAH.<br>\r\n    NECAT\u0130BEY CAD. \u00c7IN\u00c7IN I\u015eHANI NO:64 C<br>\r\n    \u0130\u00c7 KAPI NO:1<br>\r\n    BEYO\u011eLU \/ \u0130STANBUL\r\n\r\n  <\/div>\r\n\r\n<\/div>\r\n\r\n<!-- E-POSTA -->\r\n<div class=\"ct-card\">\r\n\r\n  <div class=\"ct-ico\">\u2709\ufe0f<\/div>\r\n  <div class=\"ct-title\">E-Posta<\/div>\r\n\r\n  <div class=\"ct-text\">\r\n\r\n    <a class=\"ct-link\" href=\"mailto:info@megeteknik.com.tr\">\r\n      info@megeteknik.com.tr\r\n    <\/a>\r\n\r\n    <br><br>\r\n\r\n    <a class=\"ct-link\" target=\"_blank\"\r\n    href=\"https:\/\/wa.me\/905322442557?text=Merhaba%2C%20bilgi%20almak%20istiyorum.\">\r\n      \ud83d\udcac WhatsApp\u2019tan Yaz\r\n    <\/a>\r\n\r\n  <\/div>\r\n\r\n<\/div>\r\n\r\n<\/div>\r\n\r\n<!-- ALT: HAR\u0130TA + FORM -->\r\n<div class=\"ct-bottom\">\r\n\r\n<!-- TUZLA HAR\u0130TA -->\r\n<div class=\"ct-map\">\r\n\r\n<iframe loading=\"lazy\" allowfullscreen\r\nreferrerpolicy=\"no-referrer-when-downgrade\"\r\nsrc=\"https:\/\/www.google.com\/maps\/embed?pb=!1m18!1m12!1m3!1d3015.4787775348914!2d29.37675217512373!3d40.90524702576404!2m3!1f0!2f0!3f0!3m2!1i1024!2i768!4f13.1!3m3!1m2!1s0x14cad836ebe505c5%3A0xe7c25dbc47f3788f!2zTUVHRSBURUtOxLBLIExBQk9SQVRVVkFSIFZFIEVORMOcU1RSxLBZRUwgw5xSw5xOTEVS!5e0!3m2!1str!2str!4v1771331576358!5m2!1str!2str\">\r\n<\/iframe>\r\n\r\n<\/div>\r\n\r\n<!-- FORM -->\r\n<div class=\"ct-form\">\r\n\r\n<h3>\u0130leti\u015fim Formu<\/h3>\r\n\r\n<p class=\"ct-note\">\r\nMesaj\u0131n\u0131z\u0131 b\u0131rak\u0131n, en k\u0131sa s\u00fcrede size d\u00f6n\u00fc\u015f yapal\u0131m.\r\n<\/p>\r\n\r\n\n<div class=\"wpcf7 no-js\" id=\"wpcf7-f110-o1\" lang=\"tr-TR\" dir=\"ltr\" data-wpcf7-id=\"110\">\n<div class=\"screen-reader-response\"><p role=\"status\" aria-live=\"polite\" aria-atomic=\"true\"><\/p> <ul><\/ul><\/div>\n<form action=\"\/index.php\/wp-json\/wp\/v2\/pages\/34#wpcf7-f110-o1\" method=\"post\" class=\"wpcf7-form init\" aria-label=\"\u0130leti\u015fim Formu\" novalidate=\"novalidate\" data-status=\"init\">\n<fieldset class=\"hidden-fields-container\"><input type=\"hidden\" name=\"_wpcf7\" value=\"110\" \/><input type=\"hidden\" name=\"_wpcf7_version\" value=\"6.1.5\" \/><input type=\"hidden\" name=\"_wpcf7_locale\" value=\"tr_TR\" \/><input type=\"hidden\" name=\"_wpcf7_unit_tag\" value=\"wpcf7-f110-o1\" \/><input type=\"hidden\" name=\"_wpcf7_container_post\" value=\"0\" \/><input type=\"hidden\" name=\"_wpcf7_posted_data_hash\" value=\"\" \/>\n<\/fieldset>\n<p><label> Ad\u0131n\u0131z<br \/>\n<span class=\"wpcf7-form-control-wrap\" data-name=\"your-name\"><input size=\"40\" maxlength=\"400\" class=\"wpcf7-form-control wpcf7-text wpcf7-validates-as-required\" autocomplete=\"name\" aria-required=\"true\" aria-invalid=\"false\" value=\"\" type=\"text\" name=\"your-name\" \/><\/span> <\/label>\n<\/p>\n<p><label> E-posta adresiniz<br \/>\n<span class=\"wpcf7-form-control-wrap\" data-name=\"your-email\"><input size=\"40\" maxlength=\"400\" class=\"wpcf7-form-control wpcf7-email wpcf7-validates-as-required wpcf7-text wpcf7-validates-as-email\" autocomplete=\"email\" aria-required=\"true\" aria-invalid=\"false\" value=\"\" type=\"email\" name=\"your-email\" \/><\/span> <\/label>\n<\/p>\n<p><label> Konu<br \/>\n<span class=\"wpcf7-form-control-wrap\" data-name=\"your-subject\"><input size=\"40\" maxlength=\"400\" class=\"wpcf7-form-control wpcf7-text wpcf7-validates-as-required\" aria-required=\"true\" aria-invalid=\"false\" value=\"\" type=\"text\" name=\"your-subject\" \/><\/span> <\/label>\n<\/p>\n<p><label> \u0130letiniz (tercihe ba\u011fl\u0131)<br \/>\n<span class=\"wpcf7-form-control-wrap\" data-name=\"your-message\"><textarea cols=\"40\" rows=\"10\" maxlength=\"2000\" class=\"wpcf7-form-control wpcf7-textarea\" aria-invalid=\"false\" name=\"your-message\"><\/textarea><\/span> <\/label>\n<\/p>\n<p><input class=\"wpcf7-form-control wpcf7-submit has-spinner\" type=\"submit\" value=\"G\u00f6nder\" \/>\n<\/p><div class=\"wpcf7-response-output\" aria-hidden=\"true\"><\/div>\n<\/form>\n<\/div>\n\r\n\r\n<\/div>\r\n\r\n<\/div>\r\n\r\n<\/div>\r\n\t\t\t\t<\/div>\n\t\t\t\t\t<\/div>\n\t\t\t\t<\/div>\n\t\t\t\t<\/div>\n\t\t","protected":false},"excerpt":{"rendered":"<p>\ud83d\udcde Telefon \ud83d\udccd TUZLA \ud83d\udcde TEL: 0216 304 17 72 \ud83d\udcf1 GSM: 0532 244 25 57 \ud83c\udfe2 MERKEZ \ud83d\udcde TEL: 0212 252 60 24 \ud83d\udcf1 GSM: 0533 704 04 07 \ud83d\udccd Adres Tuzla \u015eube Tepe\u00f6ren Mah. Demokrasi Cad. No:135 5K Plaza Tuzla \/ \u0130stanbul Merkez KEMANKE\u015e KARAMUSTAFAPA\u015eA MAH. NECAT\u0130BEY CAD. \u00c7IN\u00c7IN I\u015eHANI NO:64 C \u0130\u00c7&#8230;<\/p>\n","protected":false},"author":1,"featured_media":0,"parent":0,"menu_order":0,"comment_status":"closed","ping_status":"closed","template":"","meta":{"_kadence_starter_templates_imported_post":false,"_kad_post_transparent":"","_kad_post_title":"","_kad_post_layout":"","_kad_post_sidebar_id":"","_kad_post_content_style":"","_kad_post_vertical_padding":"","_kad_post_feature":"","_kad_post_feature_position":"","_kad_post_header":false,"_kad_post_footer":false,"_kad_post_classname":"","footnotes":""},"class_list":["post-34","page","type-page","status-publish","hentry"],"_links":{"self":[{"href":"http:\/\/www.megeteknik.com.tr\/index.php\/wp-json\/wp\/v2\/pages\/34","targetHints":{"allow":["GET"]}}],"collection":[{"href":"http:\/\/www.megeteknik.com.tr\/index.php\/wp-json\/wp\/v2\/pages"}],"about":[{"href":"http:\/\/www.megeteknik.com.tr\/index.php\/wp-json\/wp\/v2\/types\/page"}],"author":[{"embeddable":true,"href":"http:\/\/www.megeteknik.com.tr\/index.php\/wp-json\/wp\/v2\/users\/1"}],"replies":[{"embeddable":true,"href":"http:\/\/www.megeteknik.com.tr\/index.php\/wp-json\/wp\/v2\/comments?post=34"}],"version-history":[{"count":34,"href":"http:\/\/www.megeteknik.com.tr\/index.php\/wp-json\/wp\/v2\/pages\/34\/revisions"}],"predecessor-version":[{"id":303,"href":"http:\/\/www.megeteknik.com.tr\/index.php\/wp-json\/wp\/v2\/pages\/34\/revisions\/303"}],"wp:attachment":[{"href":"http:\/\/www.megeteknik.com.tr\/index.php\/wp-json\/wp\/v2\/media?parent=34"}],"curies":[{"name":"wp","href":"https:\/\/api.w.org\/{rel}","templated":true}]}}