{"id":207,"date":"2025-09-22T19:45:45","date_gmt":"2025-09-22T19:45:45","guid":{"rendered":"https:\/\/www.megeteknik.com.tr\/?post_type=product&#038;p=207"},"modified":"2025-09-22T19:48:54","modified_gmt":"2025-09-22T19:48:54","slug":"alkalinite-test-kiti-1damla50ppm","status":"publish","type":"product","link":"http:\/\/www.megeteknik.com.tr\/index.php\/product\/alkalinite-test-kiti-1damla50ppm\/","title":{"rendered":"ALKAL\u0130N\u0130TE TEST K\u0130T\u0130 (1damla=50ppm)"},"content":{"rendered":"<p>\u00dcr\u00fcn Kodu : 100000<br \/>\nAmbalaj     : Adet<br \/>\nRaf \u00d6mr\u00fc   : 24 Ay<\/p>\n<p>ALKAL\u0130N\u0130TE TEST K\u0130T\u0130:<br \/>\n1.Deney kab\u0131 analizlenecek su ile \u00e7alkalan\u0131r. 5ml.numune<br \/>\n   ile doldurulur.<br \/>\n2.\u00dczerine 2 damla \u0130ndikat\u00f6r P damlat\u0131l\u0131r. Pembe renk g\u00f6r\u00fcl\u00fcr.<br \/>\n3.\u00dczerine pembeden renksiz oluncaya kadar damla damla<br \/>\n   Titrasyon Sol. ilave edilir.Renksizlik halinde titrasyon bitmi\u015f<br \/>\n   demektir.<br \/>\n   1 damla Titrasyon Sol.=50ppm (mg\/lt) Fenol (p) Alkalinite<br \/>\n4.Ayn\u0131 numune \u00fczerine 1 damla \u0130ndikat\u00f6r M damlat\u0131l\u0131r.Ye\u015fil renk<br \/>\n   g\u00f6r\u00fcl\u00fcr.<br \/>\n5.\u00dczerine , ye\u015filden violete ge\u00e7inceye kadar damla damla<br \/>\n   Titrasyon Sol. ilave edilir.Damla say\u0131m\u0131 yukar\u0131daki say\u0131ma<br \/>\n   ilave edilir . Yani Fenol alkalinite i\u00e7in 6 damla say\u0131ld\u0131ysa ,<br \/>\n   Total alkaliye ge\u00e7i\u015fteki ilk damla 7.damlad\u0131r.<br \/>\n   1 damla Titrasyon Sol.=50ppm (mg\/lt) Total (m) Alkalinite<br \/>\np=0 ise alkalinite yaln\u0131z bikarbonattan gelir<br \/>\np=m ise alkalinite yaln\u0131z hidroksitten gelir<br \/>\n2p=m ise alkalinite yaln\u0131z karbonattan gelir<br \/>\n2p>m ise alkalinite karbonat ve hidroksitten gelir.<br \/>\n2p<m ise alkalinite karbonat ve bikarbonatten gelir.\nHESAP\nTABLOSU \tH\u0130DROKS\u0130T \tKARBONAT \tB\u0130KARBONAT\np=0 \t\n\t\n\tm\np=m \tm \t\n\t\n2p=m \t\n\tm \t\n2p>m \t2p-m \t2(m-p)<br \/>\n2p<m \t\n\t2p \tm-2p\n<\/p>\n","protected":false},"excerpt":{"rendered":"<p>\u00dcr\u00fcn Kodu : 100000 Ambalaj : Adet Raf \u00d6mr\u00fc : 24 Ay ALKAL\u0130N\u0130TE TEST K\u0130T\u0130: 1.Deney kab\u0131 analizlenecek su ile \u00e7alkalan\u0131r. 5ml.numune ile doldurulur. 2.\u00dczerine 2 damla \u0130ndikat\u00f6r P damlat\u0131l\u0131r. Pembe renk g\u00f6r\u00fcl\u00fcr. 3.\u00dczerine pembeden renksiz oluncaya kadar damla damla Titrasyon Sol. ilave edilir.Renksizlik halinde titrasyon bitmi\u015f demektir. 1 damla Titrasyon Sol.=50ppm (mg\/lt) Fenol (p)&#8230;<\/p>\n","protected":false},"featured_media":208,"comment_status":"open","ping_status":"closed","template":"","meta":{"_kadence_starter_templates_imported_post":false,"_kad_post_transparent":"default","_kad_post_title":"","_kad_post_layout":"default","_kad_post_sidebar_id":"","_kad_post_content_style":"default","_kad_post_vertical_padding":"default","_kad_post_feature":"","_kad_post_feature_position":"","_kad_post_header":false,"_kad_post_footer":false,"_kad_post_classname":""},"product_brand":[],"product_cat":[27],"product_tag":[32],"class_list":{"0":"post-207","1":"product","2":"type-product","3":"status-publish","4":"has-post-thumbnail","6":"product_cat-su-analiz-kitleri","7":"product_tag-alkalinite-test-kiti","9":"first","10":"instock","11":"shipping-taxable","12":"product-type-simple","13":"entry","14":"content-bg","15":"loop-entry"},"_links":{"self":[{"href":"http:\/\/www.megeteknik.com.tr\/index.php\/wp-json\/wp\/v2\/product\/207","targetHints":{"allow":["GET"]}}],"collection":[{"href":"http:\/\/www.megeteknik.com.tr\/index.php\/wp-json\/wp\/v2\/product"}],"about":[{"href":"http:\/\/www.megeteknik.com.tr\/index.php\/wp-json\/wp\/v2\/types\/product"}],"replies":[{"embeddable":true,"href":"http:\/\/www.megeteknik.com.tr\/index.php\/wp-json\/wp\/v2\/comments?post=207"}],"wp:featuredmedia":[{"embeddable":true,"href":"http:\/\/www.megeteknik.com.tr\/index.php\/wp-json\/wp\/v2\/media\/208"}],"wp:attachment":[{"href":"http:\/\/www.megeteknik.com.tr\/index.php\/wp-json\/wp\/v2\/media?parent=207"}],"wp:term":[{"taxonomy":"product_brand","embeddable":true,"href":"http:\/\/www.megeteknik.com.tr\/index.php\/wp-json\/wp\/v2\/product_brand?post=207"},{"taxonomy":"product_cat","embeddable":true,"href":"http:\/\/www.megeteknik.com.tr\/index.php\/wp-json\/wp\/v2\/product_cat?post=207"},{"taxonomy":"product_tag","embeddable":true,"href":"http:\/\/www.megeteknik.com.tr\/index.php\/wp-json\/wp\/v2\/product_tag?post=207"}],"curies":[{"name":"wp","href":"https:\/\/api.w.org\/{rel}","templated":true}]}}